{"id":26,"date":"2011-05-21T19:18:05","date_gmt":"2011-05-21T18:18:05","guid":{"rendered":"http:\/\/aborea.toril.de\/?page_id=26"},"modified":"2015-06-27T10:13:06","modified_gmt":"2015-06-27T09:13:06","slug":"download","status":"publish","type":"page","link":"http:\/\/aborea.toril.de\/?page_id=26","title":{"rendered":"Download"},"content":{"rendered":"<p><strong>B\u00f6gen<\/strong><\/p>\n<p><a href=\"http:\/\/aborea.toril.de\/wp-content\/uploads\/2011\/05\/Ausr\u00fcstungsbogen1.pdf\">Ausr\u00fcstungsbogen<\/a><\/p>\n<p><a href=\"http:\/\/aborea.toril.de\/wp-content\/uploads\/2011\/06\/NSC-Bogen.pdf\">NSC-Bogen<\/a><\/p>\n<p>&nbsp;<\/p>\n<p><strong>Ausr\u00fcstung<\/strong><\/p>\n<p><a href=\"http:\/\/aborea.toril.de\/wp-content\/uploads\/2011\/05\/Ausr\u00fcstungs-Erweiterung.pdf\">Ausr\u00fcstungs-Erweiterung<\/a><\/p>\n<p>&nbsp;<\/p>\n<p><strong>Monster<\/strong><\/p>\n<p><a href=\"http:\/\/aborea.toril.de\/wp-content\/uploads\/2011\/05\/Weihnachtsmonster1.pdf\">Weihnachtsmonster<\/a><\/p>\n","protected":false},"excerpt":{"rendered":"<p>B\u00f6gen Ausr\u00fcstungsbogen NSC-Bogen &nbsp; Ausr\u00fcstung Ausr\u00fcstungs-Erweiterung &nbsp; Monster Weihnachtsmonster<\/p>\n","protected":false},"author":3,"featured_media":0,"parent":0,"menu_order":0,"comment_status":"closed","ping_status":"closed","template":"","meta":[],"_links":{"self":[{"href":"http:\/\/aborea.toril.de\/index.php?rest_route=\/wp\/v2\/pages\/26"}],"collection":[{"href":"http:\/\/aborea.toril.de\/index.php?rest_route=\/wp\/v2\/pages"}],"about":[{"href":"http:\/\/aborea.toril.de\/index.php?rest_route=\/wp\/v2\/types\/page"}],"author":[{"embeddable":true,"href":"http:\/\/aborea.toril.de\/index.php?rest_route=\/wp\/v2\/users\/3"}],"replies":[{"embeddable":true,"href":"http:\/\/aborea.toril.de\/index.php?rest_route=%2Fwp%2Fv2%2Fcomments&post=26"}],"version-history":[{"count":8,"href":"http:\/\/aborea.toril.de\/index.php?rest_route=\/wp\/v2\/pages\/26\/revisions"}],"predecessor-version":[{"id":379,"href":"http:\/\/aborea.toril.de\/index.php?rest_route=\/wp\/v2\/pages\/26\/revisions\/379"}],"wp:attachment":[{"href":"http:\/\/aborea.toril.de\/index.php?rest_route=%2Fwp%2Fv2%2Fmedia&parent=26"}],"curies":[{"name":"wp","href":"https:\/\/api.w.org\/{rel}","templated":true}]}}